{"id":13,"date":"2022-04-25T20:58:46","date_gmt":"2022-04-25T20:58:46","guid":{"rendered":"https:\/\/temporal.serfum.com\/?page_id=13"},"modified":"2024-07-16T16:42:57","modified_gmt":"2024-07-16T16:42:57","slug":"servicios","status":"publish","type":"page","link":"https:\/\/serfum.com\/index.php\/servicios\/","title":{"rendered":"Servicios"},"content":{"rendered":"\t\t<div data-elementor-type=\"wp-page\" data-elementor-id=\"13\" class=\"elementor elementor-13\" data-elementor-post-type=\"page\">\n\t\t\t\t\t\t<section class=\"elementor-section elementor-top-section elementor-element elementor-element-3f95461d elementor-section-boxed elementor-section-height-default elementor-section-height-default\" data-id=\"3f95461d\" data-element_type=\"section\">\n\t\t\t\t\t\t<div class=\"elementor-container elementor-column-gap-default\">\n\t\t\t\t\t<div class=\"elementor-column elementor-col-50 elementor-top-column elementor-element elementor-element-4f341c4f\" data-id=\"4f341c4f\" data-element_type=\"column\">\n\t\t\t<div class=\"elementor-widget-wrap elementor-element-populated\">\n\t\t\t\t\t\t<div class=\"elementor-element elementor-element-1a162352 elementor-widget elementor-widget-image\" data-id=\"1a162352\" data-element_type=\"widget\" data-widget_type=\"image.default\">\n\t\t\t\t<div class=\"elementor-widget-container\">\n\t\t\t\t\t\t\t\t\t\t\t\t\t\t\t<img fetchpriority=\"high\" decoding=\"async\" width=\"710\" height=\"210\" src=\"https:\/\/serfum.com\/wp-content\/uploads\/2022\/04\/logo.png\" class=\"attachment-full size-full wp-image-39\" alt=\"\" srcset=\"https:\/\/serfum.com\/wp-content\/uploads\/2022\/04\/logo.png 710w, https:\/\/serfum.com\/wp-content\/uploads\/2022\/04\/logo-300x89.png 300w\" sizes=\"(max-width: 710px) 100vw, 710px\" \/>\t\t\t\t\t\t\t\t\t\t\t\t\t\t\t<\/div>\n\t\t\t\t<\/div>\n\t\t\t\t\t<\/div>\n\t\t<\/div>\n\t\t\t\t<div class=\"elementor-column elementor-col-50 elementor-top-column elementor-element elementor-element-75137351\" data-id=\"75137351\" data-element_type=\"column\">\n\t\t\t<div class=\"elementor-widget-wrap elementor-element-populated\">\n\t\t\t\t\t\t<div class=\"elementor-element elementor-element-32550393 elementor-widget elementor-widget-heading\" data-id=\"32550393\" data-element_type=\"widget\" data-widget_type=\"heading.default\">\n\t\t\t\t<div class=\"elementor-widget-container\">\n\t\t\t\t\t<h6 class=\"elementor-heading-title elementor-size-default\">N\u00daMERO DE CONTRACTO<\/h6>\t\t\t\t<\/div>\n\t\t\t\t<\/div>\n\t\t\t\t<div class=\"elementor-element elementor-element-576721a3 elementor-widget elementor-widget-heading\" data-id=\"576721a3\" data-element_type=\"widget\" data-widget_type=\"heading.default\">\n\t\t\t\t<div class=\"elementor-widget-container\">\n\t\t\t\t\t<h2 class=\"elementor-heading-title elementor-size-default\">Celular: 57 - 310 655 6568\u200b<\/h2>\t\t\t\t<\/div>\n\t\t\t\t<\/div>\n\t\t\t\t<div class=\"elementor-element elementor-element-6680edd2 elementor-widget elementor-widget-heading\" data-id=\"6680edd2\" data-element_type=\"widget\" data-widget_type=\"heading.default\">\n\t\t\t\t<div class=\"elementor-widget-container\">\n\t\t\t\t\t<h6 class=\"elementor-heading-title elementor-size-default\">Soacha, Colombia - L\/V: 08:00-16:30, S: 08:00-13:00 <\/h6>\t\t\t\t<\/div>\n\t\t\t\t<\/div>\n\t\t\t\t\t<\/div>\n\t\t<\/div>\n\t\t\t\t\t<\/div>\n\t\t<\/section>\n\t\t\t\t<section class=\"elementor-section elementor-top-section elementor-element elementor-element-447bce24 elementor-section-full_width elementor-section-height-default elementor-section-height-default\" data-id=\"447bce24\" data-element_type=\"section\" data-settings=\"{&quot;sticky&quot;:&quot;top&quot;,&quot;sticky_on&quot;:[&quot;desktop&quot;,&quot;tablet&quot;,&quot;mobile&quot;],&quot;sticky_offset&quot;:0,&quot;sticky_effects_offset&quot;:0,&quot;sticky_anchor_link_offset&quot;:0}\">\n\t\t\t\t\t\t<div class=\"elementor-container elementor-column-gap-default\">\n\t\t\t\t\t<div class=\"elementor-column elementor-col-100 elementor-top-column elementor-element elementor-element-46c4b1\" data-id=\"46c4b1\" data-element_type=\"column\" data-settings=\"{&quot;background_background&quot;:&quot;classic&quot;}\">\n\t\t\t<div class=\"elementor-widget-wrap elementor-element-populated\">\n\t\t\t\t\t\t<div class=\"elementor-element elementor-element-58f6fcbc elementor-nav-menu__align-center elementor-nav-menu--dropdown-tablet elementor-nav-menu__text-align-aside elementor-nav-menu--toggle elementor-nav-menu--burger elementor-widget elementor-widget-nav-menu\" data-id=\"58f6fcbc\" data-element_type=\"widget\" data-settings=\"{&quot;layout&quot;:&quot;horizontal&quot;,&quot;submenu_icon&quot;:{&quot;value&quot;:&quot;&lt;i class=\\&quot;fas fa-caret-down\\&quot;&gt;&lt;\\\/i&gt;&quot;,&quot;library&quot;:&quot;fa-solid&quot;},&quot;toggle&quot;:&quot;burger&quot;}\" data-widget_type=\"nav-menu.default\">\n\t\t\t\t<div class=\"elementor-widget-container\">\n\t\t\t\t\t\t\t\t<nav aria-label=\"Menu\" class=\"elementor-nav-menu--main elementor-nav-menu__container elementor-nav-menu--layout-horizontal e--pointer-underline e--animation-fade\">\n\t\t\t\t<ul id=\"menu-1-58f6fcbc\" class=\"elementor-nav-menu\"><li class=\"menu-item menu-item-type-custom menu-item-object-custom menu-item-home menu-item-265\"><a href=\"https:\/\/serfum.com\" class=\"elementor-item\">Inicio<\/a><\/li>\n<li class=\"menu-item menu-item-type-post_type menu-item-object-page menu-item-262\"><a href=\"https:\/\/serfum.com\/index.php\/productos\/\" class=\"elementor-item\">Productos<\/a><\/li>\n<li class=\"menu-item menu-item-type-post_type menu-item-object-page menu-item-263\"><a href=\"https:\/\/serfum.com\/index.php\/servicios\/\" class=\"elementor-item\">Servicios<\/a><\/li>\n<li class=\"menu-item menu-item-type-post_type menu-item-object-page menu-item-261\"><a href=\"https:\/\/serfum.com\/index.php\/contacto\/\" class=\"elementor-item\">Contacto<\/a><\/li>\n<\/ul>\t\t\t<\/nav>\n\t\t\t\t\t<div class=\"elementor-menu-toggle\" role=\"button\" tabindex=\"0\" aria-label=\"Menu Toggle\" aria-expanded=\"false\">\n\t\t\t<i aria-hidden=\"true\" role=\"presentation\" class=\"elementor-menu-toggle__icon--open eicon-menu-bar\"><\/i><i aria-hidden=\"true\" role=\"presentation\" class=\"elementor-menu-toggle__icon--close eicon-close\"><\/i>\t\t<\/div>\n\t\t\t\t\t<nav class=\"elementor-nav-menu--dropdown elementor-nav-menu__container\" aria-hidden=\"true\">\n\t\t\t\t<ul id=\"menu-2-58f6fcbc\" class=\"elementor-nav-menu\"><li class=\"menu-item menu-item-type-custom menu-item-object-custom menu-item-home menu-item-265\"><a href=\"https:\/\/serfum.com\" class=\"elementor-item\" tabindex=\"-1\">Inicio<\/a><\/li>\n<li class=\"menu-item menu-item-type-post_type menu-item-object-page menu-item-262\"><a href=\"https:\/\/serfum.com\/index.php\/productos\/\" class=\"elementor-item\" tabindex=\"-1\">Productos<\/a><\/li>\n<li class=\"menu-item menu-item-type-post_type menu-item-object-page menu-item-263\"><a href=\"https:\/\/serfum.com\/index.php\/servicios\/\" class=\"elementor-item\" tabindex=\"-1\">Servicios<\/a><\/li>\n<li class=\"menu-item menu-item-type-post_type menu-item-object-page menu-item-261\"><a href=\"https:\/\/serfum.com\/index.php\/contacto\/\" class=\"elementor-item\" tabindex=\"-1\">Contacto<\/a><\/li>\n<\/ul>\t\t\t<\/nav>\n\t\t\t\t\t\t<\/div>\n\t\t\t\t<\/div>\n\t\t\t\t\t<\/div>\n\t\t<\/div>\n\t\t\t\t\t<\/div>\n\t\t<\/section>\n\t\t\t\t<section class=\"elementor-section elementor-top-section elementor-element elementor-element-fb0a24d elementor-section-boxed elementor-section-height-default elementor-section-height-default\" data-id=\"fb0a24d\" data-element_type=\"section\">\n\t\t\t\t\t\t<div class=\"elementor-container elementor-column-gap-default\">\n\t\t\t\t\t<div class=\"elementor-column elementor-col-100 elementor-top-column elementor-element elementor-element-455c7b3\" data-id=\"455c7b3\" data-element_type=\"column\">\n\t\t\t<div class=\"elementor-widget-wrap elementor-element-populated\">\n\t\t\t\t\t\t<div class=\"elementor-element elementor-element-ee592dd elementor-widget elementor-widget-heading\" data-id=\"ee592dd\" data-element_type=\"widget\" data-widget_type=\"heading.default\">\n\t\t\t\t<div class=\"elementor-widget-container\">\n\t\t\t\t\t<h2 class=\"elementor-heading-title elementor-size-default\">Soluciones Completas<\/h2>\t\t\t\t<\/div>\n\t\t\t\t<\/div>\n\t\t\t\t\t<\/div>\n\t\t<\/div>\n\t\t\t\t\t<\/div>\n\t\t<\/section>\n\t\t\t\t<section class=\"elementor-section elementor-top-section elementor-element elementor-element-597c953 elementor-section-boxed elementor-section-height-default elementor-section-height-default\" data-id=\"597c953\" data-element_type=\"section\">\n\t\t\t\t\t\t<div class=\"elementor-container elementor-column-gap-extended\">\n\t\t\t\t\t<div class=\"elementor-column elementor-col-50 elementor-top-column elementor-element elementor-element-a78c426\" data-id=\"a78c426\" data-element_type=\"column\">\n\t\t\t<div class=\"elementor-widget-wrap elementor-element-populated\">\n\t\t\t\t\t\t<div class=\"elementor-element elementor-element-1485809 elementor-widget elementor-widget-text-editor\" data-id=\"1485809\" data-element_type=\"widget\" data-widget_type=\"text-editor.default\">\n\t\t\t\t<div class=\"elementor-widget-container\">\n\t\t\t\t\t\t\t\t\t<p>Una moderna planta de producci\u00f3n con infraestructura dise\u00f1ada para la producci\u00f3n de altos vol\u00famenes y piezas de gran tama\u00f1o. Llevamos un debido proceso en sistemas de seguridad y control para el manejo tanto de materiales como de nuestra fuerza humana de trabajo. Nuestro equipo humano de trabajo est\u00e1 compuesto por personal calificado con varios a\u00f1os de experiencia y trayectoria en la industria de la fundici\u00f3n.<\/p><p id=\"u4215-7\"><span id=\"u4215-4\">Ofrecemos los servicios de fundici\u00f3n de piezas en aleaciones de HIERRO y ACERO, contando con horno de fundici\u00f3n hasta de <\/span><span id=\"u4215-5\">una tonelada<\/span><span id=\"u4215-6\"> de capacidad, horno de tratamiento t\u00e9rmico a gas y servicio de mecanizado industrial.<\/span><\/p>\t\t\t\t\t\t\t\t<\/div>\n\t\t\t\t<\/div>\n\t\t\t\t\t<\/div>\n\t\t<\/div>\n\t\t\t\t<div class=\"elementor-column elementor-col-50 elementor-top-column elementor-element elementor-element-ede6fe7\" data-id=\"ede6fe7\" data-element_type=\"column\">\n\t\t\t<div class=\"elementor-widget-wrap elementor-element-populated\">\n\t\t\t\t\t\t<div class=\"elementor-element elementor-element-0c0dd2a elementor-widget elementor-widget-heading\" data-id=\"0c0dd2a\" data-element_type=\"widget\" data-widget_type=\"heading.default\">\n\t\t\t\t<div class=\"elementor-widget-container\">\n\t\t\t\t\t<h4 class=\"elementor-heading-title elementor-size-default\">Contamos con un moderno laboratorio:<\/h4>\t\t\t\t<\/div>\n\t\t\t\t<\/div>\n\t\t\t\t<div class=\"elementor-element elementor-element-e97a5b5 elementor-widget elementor-widget-text-editor\" data-id=\"e97a5b5\" data-element_type=\"widget\" data-widget_type=\"text-editor.default\">\n\t\t\t\t<div class=\"elementor-widget-container\">\n\t\t\t\t\t\t\t\t\t<ul><li>Espectr\u00f3metro de emisi\u00f3n at\u00f3mica.<\/li><li>Microscopio Metalogr\u00e1fico.<\/li><li>Dur\u00f3metro, realizamos ensayos NDT como tintas penetrantes, ultrasonido.<\/li><\/ul>\t\t\t\t\t\t\t\t<\/div>\n\t\t\t\t<\/div>\n\t\t\t\t\t<\/div>\n\t\t<\/div>\n\t\t\t\t\t<\/div>\n\t\t<\/section>\n\t\t\t\t<section class=\"elementor-section elementor-top-section elementor-element elementor-element-ad3377a elementor-section-full_width elementor-section-height-min-height elementor-section-height-default elementor-section-items-middle\" data-id=\"ad3377a\" data-element_type=\"section\" data-settings=\"{&quot;background_background&quot;:&quot;slideshow&quot;,&quot;background_slideshow_gallery&quot;:[{&quot;id&quot;:163,&quot;url&quot;:&quot;https:\\\/\\\/serfum.com\\\/wp-content\\\/uploads\\\/2022\\\/04\\\/Capa-2.png&quot;},{&quot;id&quot;:164,&quot;url&quot;:&quot;https:\\\/\\\/serfum.com\\\/wp-content\\\/uploads\\\/2022\\\/04\\\/Capa-3.png&quot;},{&quot;id&quot;:165,&quot;url&quot;:&quot;https:\\\/\\\/serfum.com\\\/wp-content\\\/uploads\\\/2022\\\/04\\\/Capa-4.jpg&quot;},{&quot;id&quot;:166,&quot;url&quot;:&quot;https:\\\/\\\/serfum.com\\\/wp-content\\\/uploads\\\/2022\\\/04\\\/IMG_20.png&quot;}],&quot;background_slideshow_slide_duration&quot;:4999,&quot;background_slideshow_transition_duration&quot;:800,&quot;background_slideshow_ken_burns&quot;:&quot;yes&quot;,&quot;background_slideshow_loop&quot;:&quot;yes&quot;,&quot;background_slideshow_slide_transition&quot;:&quot;fade&quot;,&quot;background_slideshow_ken_burns_zoom_direction&quot;:&quot;in&quot;}\">\n\t\t\t\t\t\t<div class=\"elementor-container elementor-column-gap-default\">\n\t\t\t\t\t<div class=\"elementor-column elementor-col-100 elementor-top-column elementor-element elementor-element-334fefe\" data-id=\"334fefe\" data-element_type=\"column\">\n\t\t\t<div class=\"elementor-widget-wrap\">\n\t\t\t\t\t\t\t<\/div>\n\t\t<\/div>\n\t\t\t\t\t<\/div>\n\t\t<\/section>\n\t\t\t\t<section class=\"elementor-section elementor-top-section elementor-element elementor-element-d01accd elementor-section-boxed elementor-section-height-default elementor-section-height-default\" data-id=\"d01accd\" data-element_type=\"section\" data-settings=\"{&quot;background_background&quot;:&quot;classic&quot;}\">\n\t\t\t\t\t\t<div class=\"elementor-container elementor-column-gap-default\">\n\t\t\t\t\t<div class=\"elementor-column elementor-col-50 elementor-top-column elementor-element elementor-element-a887237\" data-id=\"a887237\" data-element_type=\"column\">\n\t\t\t<div class=\"elementor-widget-wrap elementor-element-populated\">\n\t\t\t\t\t\t<div class=\"elementor-element elementor-element-a2dd4c4 elementor-widget elementor-widget-heading\" data-id=\"a2dd4c4\" data-element_type=\"widget\" data-widget_type=\"heading.default\">\n\t\t\t\t<div class=\"elementor-widget-container\">\n\t\t\t\t\t<h2 class=\"elementor-heading-title elementor-size-default\">Fabricamos sobre planos o modelos<\/h2>\t\t\t\t<\/div>\n\t\t\t\t<\/div>\n\t\t\t\t<div class=\"elementor-element elementor-element-64a6163 elementor-widget elementor-widget-text-editor\" data-id=\"64a6163\" data-element_type=\"widget\" data-widget_type=\"text-editor.default\">\n\t\t\t\t<div class=\"elementor-widget-container\">\n\t\t\t\t\t\t\t\t\t<ul><li id=\"u4676-2\">Repuestos de especificaciones especiales<\/li><li id=\"u4676-4\">\u00a0Partes resistentes a la abrasi\u00f3n en mezcladoras<\/li><li id=\"u4676-6\">\u00a0Alimentadores de hornos<\/li><li id=\"u4676-8\">\u00a0Cadenas refractarias<\/li><li id=\"u4676-10\">\u00a0Placas de desgaste<\/li><li id=\"u4676-12\">\u00a0Martillos para trituradoras<\/li><li id=\"u4676-14\">\u00a0Caracoles para extrusoras<\/li><li id=\"u4676-16\">\u00a0Piezas y elementos para transporte:<\/li><li id=\"u4676-18\">\u00a0Ara\u00f1as, Bocines, tambores de freno, etc.<\/li><li id=\"u4676-20\">\u00a0Herramientas de corte para maquinaria de movimiento de tierra.<\/li><\/ul>\t\t\t\t\t\t\t\t<\/div>\n\t\t\t\t<\/div>\n\t\t\t\t\t<\/div>\n\t\t<\/div>\n\t\t\t\t<div class=\"elementor-column elementor-col-50 elementor-top-column elementor-element elementor-element-ff15c31\" data-id=\"ff15c31\" data-element_type=\"column\" data-settings=\"{&quot;background_background&quot;:&quot;slideshow&quot;,&quot;background_slideshow_gallery&quot;:[{&quot;id&quot;:174,&quot;url&quot;:&quot;https:\\\/\\\/serfum.com\\\/wp-content\\\/uploads\\\/2022\\\/04\\\/Capa-1serv.png&quot;},{&quot;id&quot;:175,&quot;url&quot;:&quot;https:\\\/\\\/serfum.com\\\/wp-content\\\/uploads\\\/2022\\\/04\\\/Capa-2serv.png&quot;},{&quot;id&quot;:176,&quot;url&quot;:&quot;https:\\\/\\\/serfum.com\\\/wp-content\\\/uploads\\\/2022\\\/04\\\/Capa-3serv.png&quot;},{&quot;id&quot;:177,&quot;url&quot;:&quot;https:\\\/\\\/serfum.com\\\/wp-content\\\/uploads\\\/2022\\\/04\\\/Capa-4serv.png&quot;},{&quot;id&quot;:178,&quot;url&quot;:&quot;https:\\\/\\\/serfum.com\\\/wp-content\\\/uploads\\\/2022\\\/04\\\/Capa-5serv.png&quot;},{&quot;id&quot;:179,&quot;url&quot;:&quot;https:\\\/\\\/serfum.com\\\/wp-content\\\/uploads\\\/2022\\\/04\\\/Capa-6serv.png&quot;},{&quot;id&quot;:180,&quot;url&quot;:&quot;https:\\\/\\\/serfum.com\\\/wp-content\\\/uploads\\\/2022\\\/04\\\/Capa-7serv.png&quot;},{&quot;id&quot;:181,&quot;url&quot;:&quot;https:\\\/\\\/serfum.com\\\/wp-content\\\/uploads\\\/2022\\\/04\\\/Capa-8serv.png&quot;},{&quot;id&quot;:182,&quot;url&quot;:&quot;https:\\\/\\\/serfum.com\\\/wp-content\\\/uploads\\\/2022\\\/04\\\/Capa-9serv.png&quot;}],&quot;background_slideshow_transition_duration&quot;:800,&quot;background_slideshow_loop&quot;:&quot;yes&quot;,&quot;background_slideshow_slide_duration&quot;:5000,&quot;background_slideshow_slide_transition&quot;:&quot;fade&quot;}\">\n\t\t\t<div class=\"elementor-widget-wrap\">\n\t\t\t\t\t\t\t<\/div>\n\t\t<\/div>\n\t\t\t\t\t<\/div>\n\t\t<\/section>\n\t\t\t\t<section class=\"elementor-section elementor-top-section elementor-element elementor-element-8120bb6 elementor-section-boxed elementor-section-height-default elementor-section-height-default\" data-id=\"8120bb6\" data-element_type=\"section\" data-settings=\"{&quot;background_background&quot;:&quot;classic&quot;}\">\n\t\t\t\t\t\t<div class=\"elementor-container elementor-column-gap-default\">\n\t\t\t\t\t<div class=\"elementor-column elementor-col-50 elementor-top-column elementor-element elementor-element-f8cfd8b\" data-id=\"f8cfd8b\" data-element_type=\"column\">\n\t\t\t<div class=\"elementor-widget-wrap elementor-element-populated\">\n\t\t\t\t\t\t<section class=\"elementor-section elementor-inner-section elementor-element elementor-element-b4efbf6 elementor-section-boxed elementor-section-height-default elementor-section-height-default\" data-id=\"b4efbf6\" data-element_type=\"section\">\n\t\t\t\t\t\t<div class=\"elementor-container elementor-column-gap-default\">\n\t\t\t\t\t<div class=\"elementor-column elementor-col-50 elementor-inner-column elementor-element elementor-element-d89885f\" data-id=\"d89885f\" data-element_type=\"column\">\n\t\t\t<div class=\"elementor-widget-wrap elementor-element-populated\">\n\t\t\t\t\t\t<div class=\"elementor-element elementor-element-bc81da3 elementor-widget elementor-widget-sitemap\" data-id=\"bc81da3\" data-element_type=\"widget\" data-widget_type=\"sitemap.default\">\n\t\t\t\t<div class=\"elementor-widget-container\">\n\t\t\t\t\t<div class=\"elementor-sitemap-wrap\"><div class=\"elementor-sitemap-section\"><h5 class=\"elementor-sitemap-title elementor-sitemap-page-title\">Mapa del Sitio<\/h5><ul class=\"elementor-sitemap-list elementor-sitemap-page-list\"><li class=\"elementor-sitemap-item elementor-sitemap-item-page page_item page-item-10\"><a href=\"https:\/\/serfum.com\/\">Inicio<\/a><\/li><li class=\"elementor-sitemap-item elementor-sitemap-item-page page_item page-item-13\"><a href=\"https:\/\/serfum.com\/index.php\/servicios\/\">Servicios<\/a><\/li><li class=\"elementor-sitemap-item elementor-sitemap-item-page page_item page-item-15\"><a href=\"https:\/\/serfum.com\/index.php\/productos\/\">Productos<\/a><\/li><li class=\"elementor-sitemap-item elementor-sitemap-item-page page_item page-item-17\"><a href=\"https:\/\/serfum.com\/index.php\/contacto\/\">Contacto<\/a><\/li><\/ul><\/div><\/div>\t\t\t\t<\/div>\n\t\t\t\t<\/div>\n\t\t\t\t\t<\/div>\n\t\t<\/div>\n\t\t\t\t<div class=\"elementor-column elementor-col-50 elementor-inner-column elementor-element elementor-element-713f336\" data-id=\"713f336\" data-element_type=\"column\">\n\t\t\t<div class=\"elementor-widget-wrap elementor-element-populated\">\n\t\t\t\t\t\t<div class=\"elementor-element elementor-element-baa3af0 elementor-widget elementor-widget-image\" data-id=\"baa3af0\" data-element_type=\"widget\" data-widget_type=\"image.default\">\n\t\t\t\t<div class=\"elementor-widget-container\">\n\t\t\t\t\t\t\t\t\t\t\t\t\t\t\t<img decoding=\"async\" width=\"710\" height=\"210\" src=\"https:\/\/serfum.com\/wp-content\/uploads\/2022\/04\/logo.png\" class=\"attachment-large size-large wp-image-39\" alt=\"\" srcset=\"https:\/\/serfum.com\/wp-content\/uploads\/2022\/04\/logo.png 710w, https:\/\/serfum.com\/wp-content\/uploads\/2022\/04\/logo-300x89.png 300w\" sizes=\"(max-width: 710px) 100vw, 710px\" \/>\t\t\t\t\t\t\t\t\t\t\t\t\t\t\t<\/div>\n\t\t\t\t<\/div>\n\t\t\t\t\t<\/div>\n\t\t<\/div>\n\t\t\t\t\t<\/div>\n\t\t<\/section>\n\t\t\t\t\t<\/div>\n\t\t<\/div>\n\t\t\t\t<div class=\"elementor-column elementor-col-50 elementor-top-column elementor-element elementor-element-139c193\" data-id=\"139c193\" data-element_type=\"column\">\n\t\t\t<div class=\"elementor-widget-wrap elementor-element-populated\">\n\t\t\t\t\t\t<div class=\"elementor-element elementor-element-dca2524 elementor-widget elementor-widget-google_maps\" data-id=\"dca2524\" data-element_type=\"widget\" data-widget_type=\"google_maps.default\">\n\t\t\t\t<div class=\"elementor-widget-container\">\n\t\t\t\t\t\t\t<div class=\"elementor-custom-embed\">\n\t\t\t<iframe loading=\"lazy\"\n\t\t\t\t\tsrc=\"https:\/\/maps.google.com\/maps?q=HQ8F%2B94%20Soacha%2C%20Cundinamarca%2C%20Colombia&#038;t=m&#038;z=17&#038;output=embed&#038;iwloc=near\"\n\t\t\t\t\ttitle=\"HQ8F+94 Soacha, Cundinamarca, Colombia\"\n\t\t\t\t\taria-label=\"HQ8F+94 Soacha, Cundinamarca, Colombia\"\n\t\t\t><\/iframe>\n\t\t<\/div>\n\t\t\t\t\t\t<\/div>\n\t\t\t\t<\/div>\n\t\t\t\t\t<\/div>\n\t\t<\/div>\n\t\t\t\t\t<\/div>\n\t\t<\/section>\n\t\t\t\t<section class=\"elementor-section elementor-top-section elementor-element elementor-element-4f85a818 elementor-section-content-middle elementor-section-boxed elementor-section-height-default elementor-section-height-default\" data-id=\"4f85a818\" data-element_type=\"section\" data-settings=\"{&quot;background_background&quot;:&quot;classic&quot;}\">\n\t\t\t\t\t\t<div class=\"elementor-container elementor-column-gap-default\">\n\t\t\t\t\t<div class=\"elementor-column elementor-col-50 elementor-top-column elementor-element elementor-element-61647364\" data-id=\"61647364\" data-element_type=\"column\">\n\t\t\t<div class=\"elementor-widget-wrap elementor-element-populated\">\n\t\t\t\t\t\t<div class=\"elementor-element elementor-element-21afb250 elementor-widget elementor-widget-text-editor\" data-id=\"21afb250\" data-element_type=\"widget\" data-widget_type=\"text-editor.default\">\n\t\t\t\t<div class=\"elementor-widget-container\">\n\t\t\t\t\t\t\t\t\t<p>\u00a9 Todos los derechos reservados \u2022 Serfum Ltda &amp; Art Publicidad<\/p>\t\t\t\t\t\t\t\t<\/div>\n\t\t\t\t<\/div>\n\t\t\t\t\t<\/div>\n\t\t<\/div>\n\t\t\t\t<div class=\"elementor-column elementor-col-50 elementor-top-column elementor-element elementor-element-513c95fc\" data-id=\"513c95fc\" data-element_type=\"column\">\n\t\t\t<div class=\"elementor-widget-wrap elementor-element-populated\">\n\t\t\t\t\t\t<div class=\"elementor-element elementor-element-21938418 elementor-widget elementor-widget-text-editor\" data-id=\"21938418\" data-element_type=\"widget\" data-widget_type=\"text-editor.default\">\n\t\t\t\t<div class=\"elementor-widget-container\">\n\t\t\t\t\t\t\t\t\t<p><a href=\"https:\/\/artpublicidad.com\/\">Desarrollado por: Juan Carlos Arteaga \u2022 ArtPublicidad.com<\/a><\/p>\t\t\t\t\t\t\t\t<\/div>\n\t\t\t\t<\/div>\n\t\t\t\t\t<\/div>\n\t\t<\/div>\n\t\t\t\t\t<\/div>\n\t\t<\/section>\n\t\t\t\t<\/div>\n\t\t","protected":false},"excerpt":{"rendered":"<p>N\u00daMERO DE CONTRACTO Celular: 57 &#8211; 310 655 6568\u200b Soacha, Colombia &#8211; L\/V: 08:00-16:30, S: 08:00-13:00 Soluciones Completas Una moderna planta de producci\u00f3n con infraestructura dise\u00f1ada para la producci\u00f3n de altos vol\u00famenes y piezas de gran tama\u00f1o. Llevamos un debido proceso en sistemas de seguridad y control para el manejo tanto de materiales como de [&hellip;]<\/p>\n","protected":false},"author":1,"featured_media":0,"parent":0,"menu_order":0,"comment_status":"closed","ping_status":"closed","template":"elementor_canvas","meta":{"footnotes":""},"class_list":["post-13","page","type-page","status-publish","hentry"],"_links":{"self":[{"href":"https:\/\/serfum.com\/index.php\/wp-json\/wp\/v2\/pages\/13","targetHints":{"allow":["GET"]}}],"collection":[{"href":"https:\/\/serfum.com\/index.php\/wp-json\/wp\/v2\/pages"}],"about":[{"href":"https:\/\/serfum.com\/index.php\/wp-json\/wp\/v2\/types\/page"}],"author":[{"embeddable":true,"href":"https:\/\/serfum.com\/index.php\/wp-json\/wp\/v2\/users\/1"}],"replies":[{"embeddable":true,"href":"https:\/\/serfum.com\/index.php\/wp-json\/wp\/v2\/comments?post=13"}],"version-history":[{"count":25,"href":"https:\/\/serfum.com\/index.php\/wp-json\/wp\/v2\/pages\/13\/revisions"}],"predecessor-version":[{"id":341,"href":"https:\/\/serfum.com\/index.php\/wp-json\/wp\/v2\/pages\/13\/revisions\/341"}],"wp:attachment":[{"href":"https:\/\/serfum.com\/index.php\/wp-json\/wp\/v2\/media?parent=13"}],"curies":[{"name":"wp","href":"https:\/\/api.w.org\/{rel}","templated":true}]}}